{"id":495,"date":"2024-09-02T19:05:56","date_gmt":"2024-09-02T16:05:56","guid":{"rendered":"https:\/\/antkoli.com\/about\/"},"modified":"2024-09-05T16:19:04","modified_gmt":"2024-09-05T13:19:04","slug":"about","status":"publish","type":"page","link":"https:\/\/antkoli.com\/en\/about\/","title":{"rendered":"About"},"content":{"rendered":"<div class=\"wp-block-uagb-container uagb-block-ea8750ae alignfull uagb-is-root-container\"><div class=\"uagb-container-inner-blocks-wrap\">\n<div class=\"wp-block-uagb-advanced-heading uagb-block-5d0596af\"><h1 class=\"uagb-heading-text\">About Us<\/h1><\/div>\n<\/div><\/div>\n\n\n\n<div class=\"wp-block-uagb-container uagb-layout-grid uagb-block-32e874b4 alignfull uagb-is-root-container\"><div class=\"uagb-container-inner-blocks-wrap\">\n<div class=\"wp-block-uagb-info-box uagb-block-fbae65f3 uagb-infobox__content-wrap  uagb-infobox-icon-above-title uagb-infobox-image-valign-top\"><div class=\"uagb-ifb-content\"><div class=\"uagb-ifb-title-wrap\"><h5 class=\"uagb-ifb-title-prefix\">High Quality Tactical Solutions<\/h5><h2 class=\"uagb-ifb-title\">Finding a Lasting Solution Is Our Ultimate Goal!<\/h2><\/div><\/div><\/div>\n\n\n\n<div class=\"wp-block-uagb-info-box uagb-block-54f3395c uagb-infobox__content-wrap  uagb-infobox-icon-above-title uagb-infobox-image-valign-top\"><div class=\"uagb-ifb-content\"><div class=\"uagb-ifb-title-wrap\"><h3 class=\"uagb-ifb-title\">Since 1996, Our Team Has Succeeded In Understanding The Needs of The Industry And Creating Reliable Products to Serve Them All.<\/h3><\/div><p class=\"uagb-ifb-desc\">With our experience in the production of cardboard boxes, we offer solutions tailored to the specific needs of our customers. Whether for e-commerce packaging or industrial use, our products combine durability and functionality. Each box is made from high quality materials and offers environmentally friendly options.<br><strong>We serve with special and standard designs that exceed the expectations of our customers.<\/strong><br>Our company serves various sectors with its wide range of products, ensuring that each box serves its purpose perfectly. <strong>We offer the right solutions for your projects by prioritizing trust, quality and customer satisfaction.<\/strong><\/p><\/div><\/div>\n<\/div><\/div>\n\n\n\n<div class=\"wp-block-uagb-container uagb-block-6be40f00 alignfull uagb-is-root-container\"><div class=\"uagb-container-inner-blocks-wrap\">\n<div class=\"wp-block-uagb-container uagb-layout-grid uagb-block-f4b0440c\">\n<div class=\"wp-block-uagb-info-box uagb-block-e7c5835b uagb-infobox__content-wrap  uagb-infobox-icon-above-title uagb-infobox-image-valign-top\"><div class=\"uagb-ifb-content\"><div class=\"uagb-ifb-title-wrap\"><h5 class=\"uagb-ifb-title-prefix\">Some Interesting Facts<\/h5><h2 class=\"uagb-ifb-title\">The Numbers Speak for Themselves<\/h2><\/div><\/div><\/div>\n\n\n\n<div class=\"wp-block-uagb-counter uagb-block-14824e59 wp-block-uagb-counter--number\"><div class=\"wp-block-uagb-counter__number\"><span class=\"uagb-counter-block-number\" data-duration=\"2\" data-to-value=\"30\" data-from-value=\"0\" data-delimiter=\",\"><\/span><\/div><div class=\"wp-block-uagb-counter__title\">Years of Experience<\/div><\/div>\n\n\n\n<div class=\"wp-block-uagb-counter uagb-block-604bbe6f wp-block-uagb-counter--number max-content\"><div class=\"wp-block-uagb-counter__number\"><span class=\"uagb-counter-block-number\" data-duration=\"2\" data-to-value=\"43781\" data-from-value=\"0\" data-delimiter=\",\"><\/span><\/div><div class=\"wp-block-uagb-counter__title\">Completed Projects<\/div><\/div>\n<\/div>\n\n\n\n<div class=\"wp-block-uagb-advanced-heading uagb-block-8e598847\"><h3 class=\"uagb-heading-text\">Quality Comes First! We Make Sure That Every Minute Detail Is Taken Care of When Producing Even The Smallest Product. Our Focus Is 100% Customer Needs and Satisfaction.<\/h3><\/div>\n\n\n\n<div class=\"wp-block-uagb-container uagb-layout-grid uagb-block-2b8639e4\">\n<div class=\"wp-block-uagb-advanced-heading uagb-block-dda0e0fa\"><h4 class=\"uagb-heading-text\">Innovative Solutions<\/h4><p class=\"uagb-desc-text\">We are constantly developing innovations in cardboard box production. Using modern technology, we offer solutions to suit every need. Our flexible production line can quickly adapt to special designs and different sizes.<\/p><\/div>\n\n\n\n<div class=\"wp-block-uagb-advanced-heading uagb-block-b946363e\"><h4 class=\"uagb-heading-text\">Unique Quality<\/h4><p class=\"uagb-desc-text\">We do not compromise on quality in our cardboard boxes. At every step of our production process, we use the best materials to create durable and aesthetically perfect products. Customer satisfaction comes first for us.<\/p><\/div>\n\n\n\n<div class=\"wp-block-uagb-advanced-heading uagb-block-21f13684\"><h3 class=\"uagb-heading-text\">We are the Reliable Experts You Can Trust to Provide a Perfect Solution for All Your Needs.<\/h3><\/div>\n<\/div>\n<\/div><\/div>\n\n\n\n<div class=\"wp-block-uagb-container uagb-layout-flex uagb-block-af5df69f alignfull uagb-is-root-container\"><div class=\"uagb-container-inner-blocks-wrap\">\n<div class=\"wp-block-uagb-call-to-action uagb-block-d83192c0 wp-block-button\"><div class=\"uagb-cta__wrap\"><h3 class=\"uagb-cta__title\">Need Help with Easier Industrial Solutions? We are the Experts!<\/h3><p class=\"uagb-cta__desc\">Click here to change this text. Lorem ipsum dolor sit amet, consectetur adipiscing elit. Ut elit tellus, luctus nec ullamcorper mattis, pulvinar dapibus leo.<\/p><\/div><div class=\"uagb-cta__buttons\"><a href=\"\/en\/contact\/\" class=\"uagb-cta__button-link-wrapper wp-block-button__link\" target=\"_self\" rel=\"noopener noreferrer\">learn more<\/a><\/div><\/div>\n<\/div><\/div>\n\n\n\n<p><\/p>","protected":false},"excerpt":{"rendered":"<p>Hakk\u0131m\u0131zda Kalite Her \u015eeyden \u00d6nce Gelir! En K\u00fc\u00e7\u00fck \u00dcr\u00fcn\u00fc Bile \u00dcretirken Her Dakika Ayr\u0131nt\u0131ya Dikkat Edildi\u011finden Emin Oluyoruz. Odak noktam\u0131z %100 M\u00fc\u015fteri \u0130htiya\u00e7lar\u0131 ve Memnuniyetidir. Yenilik\u00e7i \u00c7\u00f6z\u00fcmler Karton kutu \u00fcretiminde s\u00fcrekli olarak yenilikler geli\u015ftiriyoruz. Modern teknolojiyi kullanarak, her t\u00fcrl\u00fc ihtiyaca uygun \u00e7\u00f6z\u00fcmler sunuyoruz. Esnek \u00fcretim hatt\u0131m\u0131z, \u00f6zel tasar\u0131mlara ve farkl\u0131 \u00f6l\u00e7\u00fclere h\u0131zl\u0131ca adapte olabiliyor. E\u015fsiz [&hellip;]<\/p>\n","protected":false},"author":1,"featured_media":0,"parent":0,"menu_order":0,"comment_status":"closed","ping_status":"closed","template":"","meta":{"_uag_custom_page_level_css":"","site-sidebar-layout":"no-sidebar","site-content-layout":"plain-container","ast-site-content-layout":"normal-width-container","site-content-style":"unboxed","site-sidebar-style":"unboxed","ast-global-header-display":"","ast-banner-title-visibility":"","ast-main-header-display":"","ast-hfb-above-header-display":"","ast-hfb-below-header-display":"","ast-hfb-mobile-header-display":"","site-post-title":"disabled","ast-breadcrumbs-content":"","ast-featured-img":"disabled","footer-sml-layout":"","theme-transparent-header-meta":"enabled","adv-header-id-meta":"","stick-header-meta":"","header-above-stick-meta":"","header-main-stick-meta":"","header-below-stick-meta":"","astra-migrate-meta-layouts":"set","ast-page-background-enabled":"default","ast-page-background-meta":{"desktop":{"background-color":"","background-image":"","background-repeat":"repeat","background-position":"center center","background-size":"auto","background-attachment":"scroll","background-type":"","background-media":"","overlay-type":"","overlay-color":"","overlay-opacity":"","overlay-gradient":""},"tablet":{"background-color":"","background-image":"","background-repeat":"repeat","background-position":"center center","background-size":"auto","background-attachment":"scroll","background-type":"","background-media":"","overlay-type":"","overlay-color":"","overlay-opacity":"","overlay-gradient":""},"mobile":{"background-color":"","background-image":"","background-repeat":"repeat","background-position":"center center","background-size":"auto","background-attachment":"scroll","background-type":"","background-media":"","overlay-type":"","overlay-color":"","overlay-opacity":"","overlay-gradient":""}},"ast-content-background-meta":{"desktop":{"background-color":"var(--ast-global-color-5)","background-image":"","background-repeat":"repeat","background-position":"center center","background-size":"auto","background-attachment":"scroll","background-type":"","background-media":"","overlay-type":"","overlay-color":"","overlay-opacity":"","overlay-gradient":""},"tablet":{"background-color":"var(--ast-global-color-5)","background-image":"","background-repeat":"repeat","background-position":"center center","background-size":"auto","background-attachment":"scroll","background-type":"","background-media":"","overlay-type":"","overlay-color":"","overlay-opacity":"","overlay-gradient":""},"mobile":{"background-color":"var(--ast-global-color-5)","background-image":"","background-repeat":"repeat","background-position":"center center","background-size":"auto","background-attachment":"scroll","background-type":"","background-media":"","overlay-type":"","overlay-color":"","overlay-opacity":"","overlay-gradient":""}},"footnotes":""},"class_list":["post-495","page","type-page","status-publish","hentry"],"uagb_featured_image_src":{"full":false,"thumbnail":false,"medium":false,"medium_large":false,"large":false,"1536x1536":false,"2048x2048":false,"trp-custom-language-flag":false},"uagb_author_info":{"display_name":"Admin","author_link":"https:\/\/antkoli.com\/en\/author\/admin\/"},"uagb_comment_info":0,"uagb_excerpt":"Hakk\u0131m\u0131zda Kalite Her \u015eeyden \u00d6nce Gelir! En K\u00fc\u00e7\u00fck \u00dcr\u00fcn\u00fc Bile \u00dcretirken Her Dakika Ayr\u0131nt\u0131ya Dikkat Edildi\u011finden Emin Oluyoruz. Odak noktam\u0131z %100 M\u00fc\u015fteri \u0130htiya\u00e7lar\u0131 ve Memnuniyetidir. Yenilik\u00e7i \u00c7\u00f6z\u00fcmler Karton kutu \u00fcretiminde s\u00fcrekli olarak yenilikler geli\u015ftiriyoruz. Modern teknolojiyi kullanarak, her t\u00fcrl\u00fc ihtiyaca uygun \u00e7\u00f6z\u00fcmler sunuyoruz. Esnek \u00fcretim hatt\u0131m\u0131z, \u00f6zel tasar\u0131mlara ve farkl\u0131 \u00f6l\u00e7\u00fclere h\u0131zl\u0131ca adapte olabiliyor. E\u015fsiz&hellip;","_links":{"self":[{"href":"https:\/\/antkoli.com\/en\/wp-json\/wp\/v2\/pages\/495","targetHints":{"allow":["GET"]}}],"collection":[{"href":"https:\/\/antkoli.com\/en\/wp-json\/wp\/v2\/pages"}],"about":[{"href":"https:\/\/antkoli.com\/en\/wp-json\/wp\/v2\/types\/page"}],"author":[{"embeddable":true,"href":"https:\/\/antkoli.com\/en\/wp-json\/wp\/v2\/users\/1"}],"replies":[{"embeddable":true,"href":"https:\/\/antkoli.com\/en\/wp-json\/wp\/v2\/comments?post=495"}],"version-history":[{"count":39,"href":"https:\/\/antkoli.com\/en\/wp-json\/wp\/v2\/pages\/495\/revisions"}],"predecessor-version":[{"id":692,"href":"https:\/\/antkoli.com\/en\/wp-json\/wp\/v2\/pages\/495\/revisions\/692"}],"wp:attachment":[{"href":"https:\/\/antkoli.com\/en\/wp-json\/wp\/v2\/media?parent=495"}],"curies":[{"name":"wp","href":"https:\/\/api.w.org\/{rel}","templated":true}]}}